{"id":1585,"date":"2024-06-17T11:13:50","date_gmt":"2024-06-17T17:13:50","guid":{"rendered":"https:\/\/artec.campeche.gob.mx\/?page_id=1585"},"modified":"2024-11-25T08:36:33","modified_gmt":"2024-11-25T14:36:33","slug":"mensaje-de-bienvenida","status":"publish","type":"page","link":"https:\/\/artec.campeche.gob.mx\/?page_id=1585","title":{"rendered":"Mensaje de bienvenida"},"content":{"rendered":"<p>[et_pb_section fb_built=&#8221;1&#8243; _builder_version=&#8221;4.23.1&#8243; _module_preset=&#8221;default&#8221; custom_padding=&#8221;0px||0px||true|false&#8221; animation_style=&#8221;fade&#8221; global_colors_info=&#8221;{}&#8221;][et_pb_row _builder_version=&#8221;4.23.1&#8243; _module_preset=&#8221;default&#8221; global_colors_info=&#8221;{}&#8221;][et_pb_column type=&#8221;4_4&#8243; _builder_version=&#8221;4.23.1&#8243; _module_preset=&#8221;default&#8221; global_colors_info=&#8221;{}&#8221;][et_pb_text _builder_version=&#8221;4.23.1&#8243; _module_preset=&#8221;default&#8221; header_font=&#8221;|600|||||||&#8221; header_text_color=&#8221;#691C32&#8243; header_font_size=&#8221;35px&#8221; global_colors_info=&#8221;{}&#8221;]<\/p>\n<h1 style=\"text-align: center;\">Mensaje de Bienvenida<\/h1>\n<p>[\/et_pb_text][et_pb_divider _builder_version=&#8221;4.23.1&#8243; _module_preset=&#8221;default&#8221; global_colors_info=&#8221;{}&#8221;][\/et_pb_divider][\/et_pb_column][\/et_pb_row][\/et_pb_section][et_pb_section fb_built=&#8221;1&#8243; _builder_version=&#8221;4.23.1&#8243; _module_preset=&#8221;default&#8221; global_colors_info=&#8221;{}&#8221;][et_pb_row column_structure=&#8221;1_3,2_3&#8243; _builder_version=&#8221;4.23.1&#8243; _module_preset=&#8221;default&#8221; global_colors_info=&#8221;{}&#8221;][et_pb_column type=&#8221;1_3&#8243; _builder_version=&#8221;4.23.1&#8243; _module_preset=&#8221;default&#8221; global_colors_info=&#8221;{}&#8221;][\/et_pb_column][et_pb_column type=&#8221;2_3&#8243; _builder_version=&#8221;4.23.1&#8243; _module_preset=&#8221;default&#8221; global_colors_info=&#8221;{}&#8221;][et_pb_text _builder_version=&#8221;4.23.1&#8243; _module_preset=&#8221;default&#8221; text_text_color=&#8221;#53565A&#8221; text_font_size=&#8221;18px&#8221; global_colors_info=&#8221;{}&#8221; custom_margin=&#8221;-82px|||-158px||&#8221; width=&#8221;100%&#8221;]<\/p>\n<p style=\"text-align: justify;\"><span>Sean bienvenidos al portal electr\u00f3nico del Instituto Estatal de Transporte del Estado de Campeche. Este espacio puesto a disposici\u00f3n de la Sociedad Campechana y Usuarios interesados en los temas del Servicio de Transporte P\u00fablico.<\/span><\/p>\n<p style=\"text-align: justify;\"><span>El portal es un medio para dar a conocer las acciones relativas a la labor realizada por este Instituto en beneficio de la ciudadan\u00eda, en concordancia con el Marco Legal vigente, y de acuerdo al Plan Estatal de Desarrollo 2021-2027 propuesto por la Lic. Layda Elena Sansores San Rom\u00e1n, Gobernadora Constitucional del Estado.<\/span><\/p>\n<p style=\"text-align: justify;\"><span>Es de gran inter\u00e9s para este Instituto poder contar con la participaci\u00f3n y opini\u00f3n ciudadana, por lo cual lo invitamos a ponerse en contacto con nosotros en nuestros diversos medios de comunicaci\u00f3n, ya sea por medios tradicionales o las redes sociales.<\/span><\/p>\n<p>[\/et_pb_text][\/et_pb_column][\/et_pb_row][\/et_pb_section]<\/p>\n","protected":false},"excerpt":{"rendered":"<p>Mensaje de BienvenidaSean bienvenidos al portal electr\u00f3nico del Instituto Estatal de Transporte del Estado de Campeche. Este espacio puesto a disposici\u00f3n de la Sociedad Campechana y Usuarios interesados en los temas del Servicio de Transporte P\u00fablico. El portal es un medio para dar a conocer las acciones relativas a la labor realizada por este Instituto [&hellip;]<\/p>\n","protected":false},"author":1,"featured_media":0,"parent":0,"menu_order":0,"comment_status":"closed","ping_status":"closed","template":"","meta":{"_acf_changed":false,"_et_pb_use_builder":"on","_et_pb_old_content":"","_et_gb_content_width":"","inline_featured_image":false,"footnotes":""},"class_list":["post-1585","page","type-page","status-publish","hentry"],"acf":[],"_links":{"self":[{"href":"https:\/\/artec.campeche.gob.mx\/index.php?rest_route=\/wp\/v2\/pages\/1585","targetHints":{"allow":["GET"]}}],"collection":[{"href":"https:\/\/artec.campeche.gob.mx\/index.php?rest_route=\/wp\/v2\/pages"}],"about":[{"href":"https:\/\/artec.campeche.gob.mx\/index.php?rest_route=\/wp\/v2\/types\/page"}],"author":[{"embeddable":true,"href":"https:\/\/artec.campeche.gob.mx\/index.php?rest_route=\/wp\/v2\/users\/1"}],"replies":[{"embeddable":true,"href":"https:\/\/artec.campeche.gob.mx\/index.php?rest_route=%2Fwp%2Fv2%2Fcomments&post=1585"}],"version-history":[{"count":5,"href":"https:\/\/artec.campeche.gob.mx\/index.php?rest_route=\/wp\/v2\/pages\/1585\/revisions"}],"predecessor-version":[{"id":3368,"href":"https:\/\/artec.campeche.gob.mx\/index.php?rest_route=\/wp\/v2\/pages\/1585\/revisions\/3368"}],"wp:attachment":[{"href":"https:\/\/artec.campeche.gob.mx\/index.php?rest_route=%2Fwp%2Fv2%2Fmedia&parent=1585"}],"curies":[{"name":"wp","href":"https:\/\/api.w.org\/{rel}","templated":true}]}}