{"id":1555,"date":"2024-05-24T13:39:57","date_gmt":"2024-05-24T19:39:57","guid":{"rendered":"https:\/\/artec.campeche.gob.mx\/?page_id=1555"},"modified":"2024-06-17T11:05:11","modified_gmt":"2024-06-17T17:05:11","slug":"transparencia-de-la-contabilidad-gubernamental","status":"publish","type":"page","link":"https:\/\/artec.campeche.gob.mx\/?page_id=1555","title":{"rendered":"Transparencia de la Contabilidad Gubernamental"},"content":{"rendered":"<p>[et_pb_section fb_built=&#8221;1&#8243; _builder_version=&#8221;4.23.1&#8243; _module_preset=&#8221;default&#8221; custom_padding=&#8221;0px||0px||true|false&#8221; animation_style=&#8221;fade&#8221; global_colors_info=&#8221;{}&#8221;][et_pb_row _builder_version=&#8221;4.23.1&#8243; _module_preset=&#8221;default&#8221; global_colors_info=&#8221;{}&#8221;][et_pb_column type=&#8221;4_4&#8243; _builder_version=&#8221;4.23.1&#8243; _module_preset=&#8221;default&#8221; global_colors_info=&#8221;{}&#8221;][et_pb_text _builder_version=&#8221;4.23.1&#8243; _module_preset=&#8221;default&#8221; header_font=&#8221;|600|||||||&#8221; header_text_color=&#8221;#691C32&#8243; header_font_size=&#8221;35px&#8221; hover_enabled=&#8221;0&#8243; global_colors_info=&#8221;{}&#8221; sticky_enabled=&#8221;0&#8243;]<\/p>\n<h1 style=\"text-align: center;\">Transparencia Contabilidad Gubernamental<\/h1>\n<p>[\/et_pb_text][et_pb_divider _builder_version=&#8221;4.23.1&#8243; _module_preset=&#8221;default&#8221; global_colors_info=&#8221;{}&#8221;][\/et_pb_divider][\/et_pb_column][\/et_pb_row][\/et_pb_section][et_pb_section fb_built=&#8221;1&#8243; _builder_version=&#8221;4.23.1&#8243; _module_preset=&#8221;default&#8221; global_colors_info=&#8221;{}&#8221;][et_pb_row _builder_version=&#8221;4.23.1&#8243; _module_preset=&#8221;default&#8221; global_colors_info=&#8221;{}&#8221;][et_pb_column type=&#8221;4_4&#8243; _builder_version=&#8221;4.23.1&#8243; _module_preset=&#8221;default&#8221; global_colors_info=&#8221;{}&#8221;][et_pb_text _builder_version=&#8221;4.23.1&#8243; _module_preset=&#8221;default&#8221; text_text_color=&#8221;#53565A&#8221; text_font_size=&#8221;18px&#8221; global_colors_info=&#8221;{}&#8221;]<\/p>\n<p><span><strong>PROGRAMA ANUAL DE EVALUACI\u00d3N (PAE)<\/strong><\/span><\/p>\n<p><span><\/span><span><a href=\"https:\/\/artec.campeche.gob.mx\/images\/PAE\/Norma-para-establecer-el-formato-de-difusion.pdf\" target=\"_blank\" rel=\"noopener\">Norma para establecer el Formato para la Difusi\u00f3n de los Resultados de las Evaluaciones de los Recursos Federales Ministrados a las Entidades Federativas<\/a><\/span><\/p>\n<p>[\/et_pb_text][et_pb_tabs _builder_version=&#8221;4.23.1&#8243; _module_preset=&#8221;default&#8221; global_colors_info=&#8221;{}&#8221;][et_pb_tab title=&#8221;2018&#8243; _builder_version=&#8221;4.23.1&#8243; _module_preset=&#8221;default&#8221; global_colors_info=&#8221;{}&#8221;]<a href=\"https:\/\/artec.campeche.gob.mx\/wp-content\/uploads\/2024\/05\/000_ev_procesos_pp103_iet_2018.pdf\" target=\"_blank\" class=\"jcepopup noicon\" rel=\"noopener\">Evaluaci\u00f3n de Procesos del Programa Estatal de Transporte<\/a>.<\/p>\n<p><a href=\"https:\/\/artec.campeche.gob.mx\/wp-content\/uploads\/2024\/05\/formato-para-la-difusion-de-los-resultados-de-la-evaluaciones.pdf\" target=\"_blank\" class=\"jcepopup noicon\" rel=\"noopener\">Anexo 1.- Formato para la Difusi\u00f3n de los Resultados de las Evaluaciones de los Programas y Fondos de Aportaciones Federales, as\u00ed como de los Programas Presupuestarios\u00a0 y otros Programas ejercidos por la Administraci\u00f3n P\u00fablica del Estado de Campeche.<\/a><\/p>\n<p><span><strong>Mecanismos para el Seguimiento a los Aspectos Suceptibles de Mejora derivados de Informes y Evaluaciones a los Programas Presupuestarios y otros Programas derivados de la Administraci\u00f3n P\u00fablica<\/strong><\/span><\/p>\n<p><span><a href=\"https:\/\/artec.campeche.gob.mx\/wp-content\/uploads\/2024\/05\/anexo-D.pdf\" target=\"_blank\" class=\"jcepopup noicon\" rel=\"noopener\">Anexo D.- Documento de Trabajo<\/a><br \/>\n<\/span><\/p>\n<p><a href=\"https:\/\/artec.campeche.gob.mx\/wp-content\/uploads\/2024\/05\/anexo-E.pdf\" target=\"_blank\" class=\"jcepopup noicon\" rel=\"noopener\"><span>Anexo E.- Avance de Documento\u00a0de Trabajo<\/span><\/a><\/p>\n<p><a href=\"https:\/\/artec.campeche.gob.mx\/wp-content\/uploads\/2024\/05\/anexo-F.pdf\" target=\"_blank\" class=\"jcepopup noicon\" rel=\"noopener\"><span>Anexo F.- Posici\u00f3n Institucional<\/span><\/a><\/p>\n<p><span><strong>Norma para establecer la Estructura de Informaci\u00f3n de Montos Pagados por Ayudas y Subsidios.<\/strong><\/span><\/p>\n<p>Primer Trimestre<\/p>\n<p>Segundo Trimestre<\/p>\n<p>Tercer Trimestre<\/p>\n<p>Cuarto Trimestre[\/et_pb_tab][\/et_pb_tabs][\/et_pb_column][\/et_pb_row][\/et_pb_section]<\/p>\n","protected":false},"excerpt":{"rendered":"<p>Transparencia Contabilidad GubernamentalPROGRAMA ANUAL DE EVALUACI\u00d3N (PAE) Norma para establecer el Formato para la Difusi\u00f3n de los Resultados de las Evaluaciones de los Recursos Federales Ministrados a las Entidades FederativasEvaluaci\u00f3n de Procesos del Programa Estatal de Transporte. Anexo 1.- Formato para la Difusi\u00f3n de los Resultados de las Evaluaciones de los Programas y Fondos de [&hellip;]<\/p>\n","protected":false},"author":1,"featured_media":0,"parent":0,"menu_order":0,"comment_status":"closed","ping_status":"closed","template":"","meta":{"_acf_changed":false,"_et_pb_use_builder":"on","_et_pb_old_content":"","_et_gb_content_width":"","inline_featured_image":false,"footnotes":""},"class_list":["post-1555","page","type-page","status-publish","hentry"],"acf":[],"_links":{"self":[{"href":"https:\/\/artec.campeche.gob.mx\/index.php?rest_route=\/wp\/v2\/pages\/1555","targetHints":{"allow":["GET"]}}],"collection":[{"href":"https:\/\/artec.campeche.gob.mx\/index.php?rest_route=\/wp\/v2\/pages"}],"about":[{"href":"https:\/\/artec.campeche.gob.mx\/index.php?rest_route=\/wp\/v2\/types\/page"}],"author":[{"embeddable":true,"href":"https:\/\/artec.campeche.gob.mx\/index.php?rest_route=\/wp\/v2\/users\/1"}],"replies":[{"embeddable":true,"href":"https:\/\/artec.campeche.gob.mx\/index.php?rest_route=%2Fwp%2Fv2%2Fcomments&post=1555"}],"version-history":[{"count":3,"href":"https:\/\/artec.campeche.gob.mx\/index.php?rest_route=\/wp\/v2\/pages\/1555\/revisions"}],"predecessor-version":[{"id":1584,"href":"https:\/\/artec.campeche.gob.mx\/index.php?rest_route=\/wp\/v2\/pages\/1555\/revisions\/1584"}],"wp:attachment":[{"href":"https:\/\/artec.campeche.gob.mx\/index.php?rest_route=%2Fwp%2Fv2%2Fmedia&parent=1555"}],"curies":[{"name":"wp","href":"https:\/\/api.w.org\/{rel}","templated":true}]}}