{"id":1548,"date":"2024-05-24T13:26:37","date_gmt":"2024-05-24T19:26:37","guid":{"rendered":"https:\/\/artec.campeche.gob.mx\/?page_id=1548"},"modified":"2024-06-17T11:01:28","modified_gmt":"2024-06-17T17:01:28","slug":"integrantes-del-comite-de-control-interno-y-desempeno-institucional-de-la-secretaria-general-del-gobierno","status":"publish","type":"page","link":"https:\/\/artec.campeche.gob.mx\/?page_id=1548","title":{"rendered":"Integrantes del Comit\u00e9 de Control Interno y Desempe\u00f1o Institucional de la Secretar\u00eda General del Gobierno"},"content":{"rendered":"<p>[et_pb_section fb_built=&#8221;1&#8243; _builder_version=&#8221;4.23.1&#8243; _module_preset=&#8221;default&#8221; custom_padding=&#8221;0px||0px||true|false&#8221; animation_style=&#8221;fade&#8221; global_colors_info=&#8221;{}&#8221;][et_pb_row _builder_version=&#8221;4.23.1&#8243; _module_preset=&#8221;default&#8221; global_colors_info=&#8221;{}&#8221;][et_pb_column type=&#8221;4_4&#8243; _builder_version=&#8221;4.23.1&#8243; _module_preset=&#8221;default&#8221; global_colors_info=&#8221;{}&#8221;][et_pb_text _builder_version=&#8221;4.23.1&#8243; _module_preset=&#8221;default&#8221; header_font=&#8221;|600|||||||&#8221; header_text_color=&#8221;#691C32&#8243; header_font_size=&#8221;35px&#8221; hover_enabled=&#8221;0&#8243; global_colors_info=&#8221;{}&#8221; sticky_enabled=&#8221;0&#8243;]<\/p>\n<h1 style=\"text-align: center;\"><a class=\"row-title\" href=\"https:\/\/artec.campeche.gob.mx\/wp-admin\/post.php?post=1548&amp;action=edit\" aria-label=\"\u201cIntegrantes del Comit\u00e9 de Control Interno y Desempe\u00f1o Institucional de la Secretar\u00eda General del Gobierno\u201d (Editar)\">Integrantes del Comit\u00e9 de Control Interno y Desempe\u00f1o Institucional de la Secretar\u00eda General del Gobierno<\/a><\/h1>\n<p>[\/et_pb_text][et_pb_divider _builder_version=&#8221;4.23.1&#8243; _module_preset=&#8221;default&#8221; global_colors_info=&#8221;{}&#8221;][\/et_pb_divider][\/et_pb_column][\/et_pb_row][\/et_pb_section][et_pb_section fb_built=&#8221;1&#8243; _builder_version=&#8221;4.23.1&#8243; _module_preset=&#8221;default&#8221; global_colors_info=&#8221;{}&#8221;][et_pb_row _builder_version=&#8221;4.23.1&#8243; _module_preset=&#8221;default&#8221; global_colors_info=&#8221;{}&#8221;][et_pb_column type=&#8221;4_4&#8243; _builder_version=&#8221;4.23.1&#8243; _module_preset=&#8221;default&#8221; global_colors_info=&#8221;{}&#8221;][et_pb_text _builder_version=&#8221;4.23.1&#8243; _module_preset=&#8221;default&#8221; text_text_color=&#8221;#53565A&#8221; text_font_size=&#8221;18px&#8221; hover_enabled=&#8221;0&#8243; global_colors_info=&#8221;{}&#8221; sticky_enabled=&#8221;0&#8243;]<\/p>\n<table class=\"table table-hover\" style=\"width: 919px; border: 1px solid #cecaca; height: 560px;\" align=\"center\">\n<thead>\n<tr style=\"border-width: 1px; border-color: #691c32; background-color: #691c32;\">\n<td style=\"text-align: center;\"><span style=\"color: #ffffff; font-family: arial, helvetica, sans-serif; font-size: 12pt;\"><strong>Cargo<\/strong><\/span><\/td>\n<td style=\"text-align: center;\"><span style=\"font-family: arial, helvetica, sans-serif; font-size: 12pt;\">\u00a0<span style=\"color: #ffffff;\"><strong>Nombre<\/strong><\/span><\/span><\/td>\n<\/tr>\n<\/thead>\n<tbody>\n<tr style=\"border-color: #cecaca; border-width: 1px;\" align=\"center\">\n<td style=\"border: 1px solid #cecaca; text-align: justify;\"><span style=\"font-family: arial, helvetica, sans-serif; text-align: justify; color: #000000;\"><span style=\"font-family: arial, helvetica, sans-serif; text-align: justify;\">Presidente del Comit\u00e9 de Control Interno y Desempe\u00f1o Institucional<\/span><br \/>\n<\/span><\/td>\n<td style=\"border: 1px solid #cecaca; text-align: justify;\"><span style=\"font-family: arial, helvetica, sans-serif; color: #000000;\"><strong style=\"font-family: arial, helvetica, sans-serif; text-align: justify;\">Lic. Carlos Miguel Aysa Gonz\u00e1lez<\/strong><\/span><\/td>\n<\/tr>\n<tr style=\"border-color: #cecaca; border-width: 1px;\" align=\"center\">\n<td style=\"border: 1px solid #cecaca; text-align: justify;\"><span style=\"font-family: arial, helvetica, sans-serif; text-align: justify; color: #000000;\">Presidente Suplente\u00a0<span style=\"font-family: arial, helvetica, sans-serif; text-align: justify;\">del Comit\u00e9 de Control Interno y Desempe\u00f1o Institucional<\/span><\/span><\/td>\n<td style=\"border: 1px solid #cecaca; text-align: justify;\"><span style=\"font-family: arial, helvetica, sans-serif; color: #000000;\"><strong style=\"font-family: arial, helvetica, sans-serif; text-align: justify;\">Lic. Juan Jos\u00e9 Castillo Zarate<\/strong><\/span><\/td>\n<\/tr>\n<tr style=\"border-color: #cecaca; border-width: 1px;\" align=\"center\">\n<td style=\"border: 1px solid #cecaca; text-align: justify;\"><span style=\"font-family: arial, helvetica, sans-serif; text-align: justify; color: #000000;\">Vocal Ejecutivo<\/span><\/td>\n<td style=\"border: 1px solid #cecaca; text-align: justify;\"><span style=\"font-family: arial, helvetica, sans-serif; color: #000000;\"><strong style=\"font-family: arial, helvetica, sans-serif; text-align: justify;\">C.P. Carmen Sof\u00eda Maury Escalante<\/strong><\/span><\/td>\n<\/tr>\n<tr style=\"border-color: #cecaca; border-width: 1px;\" align=\"center\">\n<td style=\"border: 1px solid #cecaca; text-align: justify;\"><span style=\"font-family: arial, helvetica, sans-serif; text-align: justify; color: #000000;\">Vocal<\/span><\/td>\n<td style=\"border: 1px solid #cecaca; vertical-align: middle; text-align: justify;\"><span style=\"font-family: arial, helvetica, sans-serif; color: #000000;\"><strong style=\"font-family: arial, helvetica, sans-serif; text-align: justify;\">MDI. Fernando Enrique Dom\u00ednguez Salazar<\/strong><\/span><\/td>\n<\/tr>\n<tr style=\"border-color: #cecaca; border-width: 1px;\" align=\"center\">\n<td style=\"border: 1px solid #cecaca; text-align: justify;\"><span style=\"font-family: arial, helvetica, sans-serif; text-align: justify; color: #000000;\">Coordinadora de Control Interno<\/span><\/td>\n<td style=\"border: 1px solid #cecaca; vertical-align: middle; text-align: justify;\"><span style=\"font-family: arial, helvetica, sans-serif; color: #000000;\"><strong style=\"font-family: arial, helvetica, sans-serif; text-align: justify;\">Lic. Karla Fabiola L\u00f3pez de Llergo<\/strong><\/span><\/td>\n<\/tr>\n<tr style=\"border-color: #cecaca; border-width: 1px;\" align=\"center\">\n<td style=\"border: 1px solid #cecaca; text-align: justify;\"><span style=\"font-family: arial, helvetica, sans-serif; text-align: justify; color: #000000;\">Enlace de Control Interno Institucional y Enlace de Comit\u00e9 de Control Interno y Desempe\u00f1o Institucional<\/span><\/td>\n<td style=\"border: 1px solid #cecaca; vertical-align: middle; text-align: justify;\"><span style=\"font-family: arial, helvetica, sans-serif; color: #000000;\"><strong style=\"font-family: arial, helvetica, sans-serif; text-align: justify;\">Lic. Esteban Manuel Can Mo\u00f3<\/strong><\/span><\/td>\n<\/tr>\n<tr style=\"border-color: #cecaca; border-width: 1px;\" align=\"center\">\n<td style=\"border: 1px solid #cecaca; text-align: justify;\"><span style=\"font-family: arial, helvetica, sans-serif; text-align: justify; color: #000000;\">Enlace de Administraci\u00f3n de Riesgos<\/span><\/td>\n<td style=\"border: 1px solid #cecaca; vertical-align: middle; text-align: justify;\"><span style=\"font-family: arial, helvetica, sans-serif; color: #000000;\"><strong style=\"font-family: arial, helvetica, sans-serif; text-align: justify;\">C.P. Gustavo Haaz Chan<\/strong><\/span><\/td>\n<\/tr>\n<\/tbody>\n<\/table>\n<p>[\/et_pb_text][\/et_pb_column][\/et_pb_row][\/et_pb_section]<\/p>\n","protected":false},"excerpt":{"rendered":"<p>Integrantes del Comit\u00e9 de Control Interno y Desempe\u00f1o Institucional de la Secretar\u00eda General del Gobierno Cargo \u00a0Nombre Presidente del Comit\u00e9 de Control Interno y Desempe\u00f1o Institucional Lic. Carlos Miguel Aysa Gonz\u00e1lez Presidente Suplente\u00a0del Comit\u00e9 de Control Interno y Desempe\u00f1o Institucional Lic. Juan Jos\u00e9 Castillo Zarate Vocal Ejecutivo C.P. Carmen Sof\u00eda Maury Escalante Vocal MDI. Fernando [&hellip;]<\/p>\n","protected":false},"author":1,"featured_media":0,"parent":0,"menu_order":0,"comment_status":"closed","ping_status":"closed","template":"","meta":{"_acf_changed":false,"_et_pb_use_builder":"on","_et_pb_old_content":"","_et_gb_content_width":"","inline_featured_image":false,"footnotes":""},"class_list":["post-1548","page","type-page","status-publish","hentry"],"acf":[],"_links":{"self":[{"href":"https:\/\/artec.campeche.gob.mx\/index.php?rest_route=\/wp\/v2\/pages\/1548","targetHints":{"allow":["GET"]}}],"collection":[{"href":"https:\/\/artec.campeche.gob.mx\/index.php?rest_route=\/wp\/v2\/pages"}],"about":[{"href":"https:\/\/artec.campeche.gob.mx\/index.php?rest_route=\/wp\/v2\/types\/page"}],"author":[{"embeddable":true,"href":"https:\/\/artec.campeche.gob.mx\/index.php?rest_route=\/wp\/v2\/users\/1"}],"replies":[{"embeddable":true,"href":"https:\/\/artec.campeche.gob.mx\/index.php?rest_route=%2Fwp%2Fv2%2Fcomments&post=1548"}],"version-history":[{"count":4,"href":"https:\/\/artec.campeche.gob.mx\/index.php?rest_route=\/wp\/v2\/pages\/1548\/revisions"}],"predecessor-version":[{"id":1573,"href":"https:\/\/artec.campeche.gob.mx\/index.php?rest_route=\/wp\/v2\/pages\/1548\/revisions\/1573"}],"wp:attachment":[{"href":"https:\/\/artec.campeche.gob.mx\/index.php?rest_route=%2Fwp%2Fv2%2Fmedia&parent=1548"}],"curies":[{"name":"wp","href":"https:\/\/api.w.org\/{rel}","templated":true}]}}