{"id":1525,"date":"2024-05-24T13:11:00","date_gmt":"2024-05-24T19:11:00","guid":{"rendered":"https:\/\/artec.campeche.gob.mx\/?page_id=1525"},"modified":"2024-06-17T10:58:42","modified_gmt":"2024-06-17T16:58:42","slug":"codigo-de-conducta","status":"publish","type":"page","link":"https:\/\/artec.campeche.gob.mx\/?page_id=1525","title":{"rendered":"C\u00f3digo de Conducta"},"content":{"rendered":"<p>[et_pb_section fb_built=&#8221;1&#8243; _builder_version=&#8221;4.23.1&#8243; _module_preset=&#8221;default&#8221; custom_padding=&#8221;0px||0px||true|false&#8221; animation_style=&#8221;fade&#8221; global_colors_info=&#8221;{}&#8221;][et_pb_row _builder_version=&#8221;4.23.1&#8243; _module_preset=&#8221;default&#8221; global_colors_info=&#8221;{}&#8221;][et_pb_column type=&#8221;4_4&#8243; _builder_version=&#8221;4.23.1&#8243; _module_preset=&#8221;default&#8221; global_colors_info=&#8221;{}&#8221;][et_pb_text _builder_version=&#8221;4.23.1&#8243; _module_preset=&#8221;default&#8221; header_font=&#8221;|600|||||||&#8221; header_text_color=&#8221;#691C32&#8243; header_font_size=&#8221;35px&#8221; hover_enabled=&#8221;0&#8243; global_colors_info=&#8221;{}&#8221; sticky_enabled=&#8221;0&#8243;]<\/p>\n<h1 style=\"text-align: center;\">C\u00f3digo de Conducta<\/h1>\n<p>[\/et_pb_text][et_pb_divider _builder_version=&#8221;4.23.1&#8243; _module_preset=&#8221;default&#8221; global_colors_info=&#8221;{}&#8221;][\/et_pb_divider][\/et_pb_column][\/et_pb_row][\/et_pb_section][et_pb_section fb_built=&#8221;1&#8243; _builder_version=&#8221;4.23.1&#8243; _module_preset=&#8221;default&#8221; global_colors_info=&#8221;{}&#8221;][et_pb_row _builder_version=&#8221;4.23.1&#8243; _module_preset=&#8221;default&#8221; global_colors_info=&#8221;{}&#8221;][et_pb_column type=&#8221;4_4&#8243; _builder_version=&#8221;4.23.1&#8243; _module_preset=&#8221;default&#8221; global_colors_info=&#8221;{}&#8221;][et_pb_text _builder_version=&#8221;4.23.1&#8243; _module_preset=&#8221;default&#8221; text_text_color=&#8221;#53565A&#8221; text_font_size=&#8221;18px&#8221; global_colors_info=&#8221;{}&#8221;]<\/p>\n<p class=\"fa fa-file-pdf-o\"><span><a href=\"https:\/\/artec.campeche.gob.mx\/wp-content\/uploads\/2024\/05\/Codigo-de-Conducta-SGG-POE.pdf\" target=\"_blank\" class=\"jcepopup noicon\" rel=\"noopener\">Codigo de Conducta de la SGG<\/a><\/span><\/p>\n<p>&nbsp;<\/p>\n<p style=\"text-align: justify;\"><span>El\u00a0C\u00f3digo\u00a0de\u00a0Conducta\u00a0de\u00a0la\u00a0Secretar\u00eda General de Gobierno y sus \u00d3rganos Administrativos Desconcentrados,\u00a0es\u00a0el\u00a0instrumento\u00a0que\u00a0da\u00a0certeza\u00a0plena\u00a0a sus\u00a0servidoras\u00a0y\u00a0servidores\u00a0p\u00fablicos\u00a0sobre\u00a0el\u00a0comportamiento\u00a0\u00e9tico\u00a0al\u00a0que\u00a0deben sujetarse\u00a0en\u00a0su\u00a0quehacer\u00a0cotidiano,\u00a0\u00e9ste\u00a0debe\u00a0ser\u00a0adoptado\u00a0\u00edntegramente\u00a0para constituirse\u00a0en\u00a0una forma\u00a0de\u00a0trabajo\u00a0y\u00a0un\u00a0estilo\u00a0de\u00a0vida,\u00a0con\u00a0el\u00a0prop\u00f3sito\u00a0de continuar trabajando\u00a0en\u00a0favor de\u00a0la\u00a0gobernabilidad\u00a0del\u00a0Estado\u00a0y\u00a0sus instituciones<\/span><\/p>\n<p style=\"text-align: justify;\"><em><b><span>Acuerdo por el que se emite el C\u00f3digo De Conducta al que deber\u00e1n sujetarse los Servidores P\u00fablicos de la Secretar\u00eda General de Gobierno de la Administraci\u00f3n P\u00fablica del Estado de Campeche y sus \u00d3rganos Administrativos Desconcentrados que la conforman: Archivo General del Estado de Campeche (AGEC) , Consejo Estatal de Seguridad P\u00fablica del Estado de Campeche (CESP), Consejo Estatal de Poblaci\u00f3n de Campeche (COESPO), Instituto Estatal del Transporte del Estado De Campeche (IET), Secretar\u00eda Ejecutiva del Sistema Estatal de Protecci\u00f3n Integral de los Derechos de Ni\u00f1as, Ni\u00f1os y Adolescentes (SIPINNA).<\/span><\/b><\/em><\/p>\n<p>[\/et_pb_text][et_pb_text _builder_version=&#8221;4.23.1&#8243; _module_preset=&#8221;default&#8221; text_text_color=&#8221;#53565A&#8221; text_font_size=&#8221;18px&#8221; global_colors_info=&#8221;{}&#8221;]<\/p>\n<p style=\"text-align: center;\"><b><span>Procedimiento para la presentaci\u00f3n de Quejas y Denuncias por presunto incumplimiento al C\u00f3digo de Conducta.\u00a0\u00a0<\/span><\/b><\/p>\n<p>&nbsp;<\/p>\n<p class=\"fa fa-file-pdf-o\"><span><a href=\"https:\/\/artec.campeche.gob.mx\/wp-content\/uploads\/2024\/05\/Protocolo-Delacion-SGG-POE.pdf\" target=\"_blank\" class=\"jcepopup noicon\" rel=\"noopener\">Protocolo que establece el Documento de Delacion de la SGG.<\/a><\/span><\/p>\n<p>&nbsp;<\/p>\n<p style=\"text-align: justify;\"><span><\/span><span>En caso de incumplimiento al C\u00f3digo de \u00c9tica, a las Reglas de Integridad o el C\u00f3digo de Conducta presentar la delaci\u00f3n correspondiente al siguiente correo electr\u00f3nico<b>:\u00a0<em>\u00a0<\/em><\/b><b><em><span id=\"cloak0a0e08384f02e467ec47a141391dcbf2\"><a href=\"mailto:comitedeetica_sgg@segobcampeche.gob.mx\">comitedeetica_sgg@segobcampeche.gob.mx<\/a><\/span>\u00a0<\/em>o<\/b>\u00a0presentar su denuncia ante la Secretar\u00eda Ejecutiva del Comit\u00e9 de \u00c9tica y de Prevenci\u00f3n de Conflictos de Inter\u00e9s de la Secretar\u00eda General de Gobierno en la oficina ubicada en la Subsecretar\u00eda de Asuntos Jur\u00eddicos y Derechos Humanos, sitio en Palacio de Gobierno, Segundo Piso, Calle 8 S\/N Centro Hist\u00f3rico C.P. 24000, Tel. (981) 81 1 92 00 Ext. 31252.\u00a0<\/span><\/p>\n<p style=\"text-align: justify;\"><span>Lo anterior con fundamento en lo que establece el apartado 7 DELACION de los\u00a0Lineamientos Generales para Propiciar la Integridad de los Servidores Publicos y para Implementar Acciones Permanentes que favorezcan su Comportamiento \u00c9tico, a trav\u00e9s de los Comites de \u00c9tica y de Prevenci\u00f3n de Conflictos de Inter\u00e9s.<\/span><\/p>\n<p>[\/et_pb_text][\/et_pb_column][\/et_pb_row][\/et_pb_section]<\/p>\n","protected":false},"excerpt":{"rendered":"<p>C\u00f3digo de ConductaCodigo de Conducta de la SGG &nbsp; El\u00a0C\u00f3digo\u00a0de\u00a0Conducta\u00a0de\u00a0la\u00a0Secretar\u00eda General de Gobierno y sus \u00d3rganos Administrativos Desconcentrados,\u00a0es\u00a0el\u00a0instrumento\u00a0que\u00a0da\u00a0certeza\u00a0plena\u00a0a sus\u00a0servidoras\u00a0y\u00a0servidores\u00a0p\u00fablicos\u00a0sobre\u00a0el\u00a0comportamiento\u00a0\u00e9tico\u00a0al\u00a0que\u00a0deben sujetarse\u00a0en\u00a0su\u00a0quehacer\u00a0cotidiano,\u00a0\u00e9ste\u00a0debe\u00a0ser\u00a0adoptado\u00a0\u00edntegramente\u00a0para constituirse\u00a0en\u00a0una forma\u00a0de\u00a0trabajo\u00a0y\u00a0un\u00a0estilo\u00a0de\u00a0vida,\u00a0con\u00a0el\u00a0prop\u00f3sito\u00a0de continuar trabajando\u00a0en\u00a0favor de\u00a0la\u00a0gobernabilidad\u00a0del\u00a0Estado\u00a0y\u00a0sus instituciones Acuerdo por el que se emite el C\u00f3digo De Conducta al que deber\u00e1n sujetarse los Servidores P\u00fablicos de la Secretar\u00eda General de Gobierno de la Administraci\u00f3n P\u00fablica del Estado [&hellip;]<\/p>\n","protected":false},"author":1,"featured_media":0,"parent":0,"menu_order":0,"comment_status":"closed","ping_status":"closed","template":"","meta":{"_acf_changed":false,"_et_pb_use_builder":"on","_et_pb_old_content":"","_et_gb_content_width":"","inline_featured_image":false,"footnotes":""},"class_list":["post-1525","page","type-page","status-publish","hentry"],"acf":[],"_links":{"self":[{"href":"https:\/\/artec.campeche.gob.mx\/index.php?rest_route=\/wp\/v2\/pages\/1525","targetHints":{"allow":["GET"]}}],"collection":[{"href":"https:\/\/artec.campeche.gob.mx\/index.php?rest_route=\/wp\/v2\/pages"}],"about":[{"href":"https:\/\/artec.campeche.gob.mx\/index.php?rest_route=\/wp\/v2\/types\/page"}],"author":[{"embeddable":true,"href":"https:\/\/artec.campeche.gob.mx\/index.php?rest_route=\/wp\/v2\/users\/1"}],"replies":[{"embeddable":true,"href":"https:\/\/artec.campeche.gob.mx\/index.php?rest_route=%2Fwp%2Fv2%2Fcomments&post=1525"}],"version-history":[{"count":4,"href":"https:\/\/artec.campeche.gob.mx\/index.php?rest_route=\/wp\/v2\/pages\/1525\/revisions"}],"predecessor-version":[{"id":1571,"href":"https:\/\/artec.campeche.gob.mx\/index.php?rest_route=\/wp\/v2\/pages\/1525\/revisions\/1571"}],"wp:attachment":[{"href":"https:\/\/artec.campeche.gob.mx\/index.php?rest_route=%2Fwp%2Fv2%2Fmedia&parent=1525"}],"curies":[{"name":"wp","href":"https:\/\/api.w.org\/{rel}","templated":true}]}}