{"id":1517,"date":"2024-05-24T13:06:04","date_gmt":"2024-05-24T19:06:04","guid":{"rendered":"https:\/\/artec.campeche.gob.mx\/?page_id=1517"},"modified":"2024-06-17T11:04:26","modified_gmt":"2024-06-17T17:04:26","slug":"programa-anual-de-trabajo","status":"publish","type":"page","link":"https:\/\/artec.campeche.gob.mx\/?page_id=1517","title":{"rendered":"Programa Anual de Trabajo"},"content":{"rendered":"<p>[et_pb_section fb_built=&#8221;1&#8243; _builder_version=&#8221;4.23.1&#8243; _module_preset=&#8221;default&#8221; custom_padding=&#8221;0px||0px||true|false&#8221; animation_style=&#8221;fade&#8221; global_colors_info=&#8221;{}&#8221;][et_pb_row _builder_version=&#8221;4.23.1&#8243; _module_preset=&#8221;default&#8221; global_colors_info=&#8221;{}&#8221;][et_pb_column type=&#8221;4_4&#8243; _builder_version=&#8221;4.23.1&#8243; _module_preset=&#8221;default&#8221; global_colors_info=&#8221;{}&#8221;][et_pb_text _builder_version=&#8221;4.23.1&#8243; _module_preset=&#8221;default&#8221; header_font=&#8221;|600|||||||&#8221; header_text_color=&#8221;#691C32&#8243; header_font_size=&#8221;35px&#8221; hover_enabled=&#8221;0&#8243; global_colors_info=&#8221;{}&#8221; sticky_enabled=&#8221;0&#8243;]<\/p>\n<h1 style=\"text-align: center;\">Programa Anual de Trabajo<\/h1>\n<p>[\/et_pb_text][et_pb_divider _builder_version=&#8221;4.23.1&#8243; _module_preset=&#8221;default&#8221; global_colors_info=&#8221;{}&#8221;][\/et_pb_divider][\/et_pb_column][\/et_pb_row][\/et_pb_section][et_pb_section fb_built=&#8221;1&#8243; _builder_version=&#8221;4.23.1&#8243; _module_preset=&#8221;default&#8221; global_colors_info=&#8221;{}&#8221;][et_pb_row _builder_version=&#8221;4.23.1&#8243; _module_preset=&#8221;default&#8221; global_colors_info=&#8221;{}&#8221;][et_pb_column type=&#8221;4_4&#8243; _builder_version=&#8221;4.23.1&#8243; _module_preset=&#8221;default&#8221; global_colors_info=&#8221;{}&#8221;][et_pb_text _builder_version=&#8221;4.23.1&#8243; _module_preset=&#8221;default&#8221; text_text_color=&#8221;#53565A&#8221; text_font_size=&#8221;18px&#8221; global_colors_info=&#8221;{}&#8221;]<\/p>\n<p style=\"text-align: justify;\"><span>El Programa Anual de Trabajo 2018 del\u00a0<\/span><span>Comit\u00e9 de \u00c9tica y de Prevenci\u00f3n de Conflictos de Inter\u00e9s (CEPCI) de la Secretar\u00eda General de Gobierno y sus Organismos Desconcentrados, est\u00e1 integrado por\u00a0<\/span><span>\u00a0los objetivos, metas y actividades a desarrollar<\/span><span>\u00a0para dar cumplimiento al CEPCI a lo largo del Ejercicio Fiscal 2018, con la finalidad de delimitar las conductas que en situaciones espec\u00edficas deber\u00e1n observar los servidores p\u00fablicos en el desempe\u00f1o de sus atribuciones,\u00a0 funciones y\u00a0 facultades, cargos y\/o comisiones.<\/span><\/p>\n<p>[\/et_pb_text][et_pb_text _builder_version=&#8221;4.23.1&#8243; _module_preset=&#8221;default&#8221; text_text_color=&#8221;#53565A&#8221; text_font_size=&#8221;18px&#8221; global_colors_info=&#8221;{}&#8221;]<\/p>\n<p style=\"text-align: center;\"><span><b>METAS GENERALES<\/b><\/span><\/p>\n<ul>\n<li style=\"text-align: justify;\"><span><\/span><span>Garantizar el funcionamiento del CEPCI.<\/span><\/li>\n<li style=\"text-align: justify;\"><span>Aprobar el C\u00f3digo de Conducta de la Secretar\u00eda General de Gobierno y sus \u00f3rganos administrativos desconcentradas Archivo General del Estado de Campeche (AGE), Consejo Estatal de Seguridad P\u00fablica del Estado de Campeche (CESP), Consejo Estatal de Poblaci\u00f3n de Campeche (COESPO), Instituto Estatal del Transporte del Estado de Campeche (IET), Secretar\u00eda Ejecutiva del Sistema Estatal de Protecci\u00f3n Integral de los Derechos de Ni\u00f1as, Ni\u00f1os y Adolescentes (SIPINNA).<\/span><\/li>\n<li style=\"text-align: justify;\"><span>Publicar el C\u00f3digo de Conducta de la Secretar\u00eda General de Gobierno y sus organismos desconcentrados en la p\u00e1gina de internet.<\/span><\/li>\n<li style=\"text-align: justify;\"><span>Dar seguimiento al proceso de atenci\u00f3n de solicitud de asesor\u00eda y de prevenci\u00f3n de conflictos de inter\u00e9s<\/span><\/li>\n<li style=\"text-align: justify;\"><span>Reportar en su caso al OIC, las conductas de los servidores p\u00fablicos susceptibles de una responsabilidad administrativa.<\/span><\/li>\n<li style=\"text-align: justify;\"><span>Promover el cumplimiento del C\u00f3digo de Conducta.<\/span><\/li>\n<li style=\"text-align: justify;\"><span>Difundir los valores contenidos en el C\u00f3digo de Conducta de la Secretar\u00eda General de Gobierno y sus \u00f3rganos administrativos desconcentradas Archivo General del Estado de Campeche (AGE), Consejo Estatal de Seguridad P\u00fablica del Estado de Campeche (CESP), Consejo Estatal de Poblaci\u00f3n de Campeche (COESPO), Instituto Estatal del Transporte del Estado de Campeche (IET), Secretar\u00eda Ejecutiva del Sistema Estatal de Protecci\u00f3n Integral de los Derechos de Ni\u00f1as, Ni\u00f1os y Adolescentes (SIPINNA).<\/span><\/li>\n<\/ul>\n<p>[\/et_pb_text][et_pb_text _builder_version=&#8221;4.23.1&#8243; _module_preset=&#8221;default&#8221; text_text_color=&#8221;#53565A&#8221; text_font_size=&#8221;18px&#8221; global_colors_info=&#8221;{}&#8221;]<span><b>Programa Anual de Trabajo 2018<\/b><\/span><\/p>\n<ul>\n<li><span><a href=\"https:\/\/artec.campeche.gob.mx\/wp-content\/uploads\/2024\/05\/PAT-Comite-Etica-SGG.pdf\" target=\"_blank\" class=\"jcepopup noicon\" rel=\"noopener\">\u00a0Programa Anual de Trabajo del Comite Etica SGG<\/a><\/span><\/li>\n<\/ul>\n<p><span><b>Programa Anual de Trabajo 2019<\/b><\/span><\/p>\n<ul>\n<li><a href=\"https:\/\/artec.campeche.gob.mx\/wp-content\/uploads\/2024\/05\/P.Anual_.Etica_2019.pdf\" target=\"_blank\" class=\"jcepopup noicon\" rel=\"noopener\"><span>Programa Anual de Trabajo del Comite Etica SGG<\/span><\/a><\/li>\n<\/ul>\n<p>[\/et_pb_text][\/et_pb_column][\/et_pb_row][\/et_pb_section]<\/p>\n","protected":false},"excerpt":{"rendered":"<p>Programa Anual de TrabajoEl Programa Anual de Trabajo 2018 del\u00a0Comit\u00e9 de \u00c9tica y de Prevenci\u00f3n de Conflictos de Inter\u00e9s (CEPCI) de la Secretar\u00eda General de Gobierno y sus Organismos Desconcentrados, est\u00e1 integrado por\u00a0\u00a0los objetivos, metas y actividades a desarrollar\u00a0para dar cumplimiento al CEPCI a lo largo del Ejercicio Fiscal 2018, con la finalidad de delimitar [&hellip;]<\/p>\n","protected":false},"author":1,"featured_media":0,"parent":0,"menu_order":0,"comment_status":"closed","ping_status":"closed","template":"","meta":{"_acf_changed":false,"_et_pb_use_builder":"on","_et_pb_old_content":"","_et_gb_content_width":"","inline_featured_image":false,"footnotes":""},"class_list":["post-1517","page","type-page","status-publish","hentry"],"acf":[],"_links":{"self":[{"href":"https:\/\/artec.campeche.gob.mx\/index.php?rest_route=\/wp\/v2\/pages\/1517","targetHints":{"allow":["GET"]}}],"collection":[{"href":"https:\/\/artec.campeche.gob.mx\/index.php?rest_route=\/wp\/v2\/pages"}],"about":[{"href":"https:\/\/artec.campeche.gob.mx\/index.php?rest_route=\/wp\/v2\/types\/page"}],"author":[{"embeddable":true,"href":"https:\/\/artec.campeche.gob.mx\/index.php?rest_route=\/wp\/v2\/users\/1"}],"replies":[{"embeddable":true,"href":"https:\/\/artec.campeche.gob.mx\/index.php?rest_route=%2Fwp%2Fv2%2Fcomments&post=1517"}],"version-history":[{"count":4,"href":"https:\/\/artec.campeche.gob.mx\/index.php?rest_route=\/wp\/v2\/pages\/1517\/revisions"}],"predecessor-version":[{"id":1581,"href":"https:\/\/artec.campeche.gob.mx\/index.php?rest_route=\/wp\/v2\/pages\/1517\/revisions\/1581"}],"wp:attachment":[{"href":"https:\/\/artec.campeche.gob.mx\/index.php?rest_route=%2Fwp%2Fv2%2Fmedia&parent=1517"}],"curies":[{"name":"wp","href":"https:\/\/api.w.org\/{rel}","templated":true}]}}