{"id":1497,"date":"2024-05-24T12:45:44","date_gmt":"2024-05-24T18:45:44","guid":{"rendered":"https:\/\/artec.campeche.gob.mx\/?page_id=1497"},"modified":"2024-06-17T11:02:00","modified_gmt":"2024-06-17T17:02:00","slug":"integrantes-del-comite-de-etica","status":"publish","type":"page","link":"https:\/\/artec.campeche.gob.mx\/?page_id=1497","title":{"rendered":"Integrantes del Comit\u00e9 de \u00c9tica"},"content":{"rendered":"<p>[et_pb_section fb_built=&#8221;1&#8243; _builder_version=&#8221;4.23.1&#8243; _module_preset=&#8221;default&#8221; custom_padding=&#8221;0px||0px||true|false&#8221; animation_style=&#8221;fade&#8221; global_colors_info=&#8221;{}&#8221;][et_pb_row _builder_version=&#8221;4.23.1&#8243; _module_preset=&#8221;default&#8221; global_colors_info=&#8221;{}&#8221;][et_pb_column type=&#8221;4_4&#8243; _builder_version=&#8221;4.23.1&#8243; _module_preset=&#8221;default&#8221; global_colors_info=&#8221;{}&#8221;][et_pb_text _builder_version=&#8221;4.23.1&#8243; _module_preset=&#8221;default&#8221; header_font=&#8221;|600|||||||&#8221; header_text_color=&#8221;#691C32&#8243; header_font_size=&#8221;35px&#8221; hover_enabled=&#8221;0&#8243; global_colors_info=&#8221;{}&#8221; sticky_enabled=&#8221;0&#8243;]<\/p>\n<h1 style=\"text-align: center;\">Integrantes del Comit\u00e9 de \u00c9tica<\/h1>\n<p>[\/et_pb_text][et_pb_divider _builder_version=&#8221;4.23.1&#8243; _module_preset=&#8221;default&#8221; global_colors_info=&#8221;{}&#8221;][\/et_pb_divider][\/et_pb_column][\/et_pb_row][\/et_pb_section][et_pb_section fb_built=&#8221;1&#8243; _builder_version=&#8221;4.23.1&#8243; _module_preset=&#8221;default&#8221; global_colors_info=&#8221;{}&#8221;][et_pb_row _builder_version=&#8221;4.23.1&#8243; _module_preset=&#8221;default&#8221; global_colors_info=&#8221;{}&#8221;][et_pb_column type=&#8221;4_4&#8243; _builder_version=&#8221;4.23.1&#8243; _module_preset=&#8221;default&#8221; global_colors_info=&#8221;{}&#8221;][et_pb_text _builder_version=&#8221;4.23.1&#8243; _module_preset=&#8221;default&#8221; text_text_color=&#8221;#53565A&#8221; text_font_size=&#8221;18px&#8221; hover_enabled=&#8221;0&#8243; global_colors_info=&#8221;{}&#8221; sticky_enabled=&#8221;0&#8243;]<\/p>\n<table class=\"table table-hover\" style=\"width: 919px; border: 1px solid #cecaca; height: 560px;\" align=\"center\">\n<thead>\n<tr style=\"border-width: 1px; border-color: #691c32; background-color: #691c32;\">\n<td style=\"text-align: center;\"><span style=\"color: #ffffff; font-family: arial, helvetica, sans-serif; font-size: 12pt;\"><strong>Cargo<\/strong><\/span><\/td>\n<td style=\"text-align: center;\"><span style=\"font-family: arial, helvetica, sans-serif; font-size: 12pt;\">\u00a0<span style=\"color: #ffffff;\"><strong>Nombre<\/strong><\/span><\/span><\/td>\n<\/tr>\n<\/thead>\n<tbody>\n<tr style=\"border-color: #cecaca; border-width: 1px;\" align=\"center\">\n<td style=\"border: 1px solid #cecaca; text-align: justify;\"><span style=\"font-family: arial, helvetica, sans-serif; text-align: justify; color: #000000;\"><span style=\"font-family: arial, helvetica, sans-serif; text-align: justify;\">Presidente<\/span><br \/>\n<\/span><\/td>\n<td style=\"border: 1px solid #cecaca; text-align: justify;\"><span style=\"font-family: arial, helvetica, sans-serif; color: #000000;\"><strong style=\"font-family: arial, helvetica, sans-serif; text-align: justify;\">Lic. Pedro Arment\u00eda L\u00f3pez<\/strong><\/span><\/td>\n<\/tr>\n<tr style=\"border-color: #cecaca; border-width: 1px;\" align=\"center\">\n<td style=\"border: 1px solid #cecaca; text-align: justify;\"><span style=\"font-family: arial, helvetica, sans-serif; text-align: justify; color: #000000;\">Presidente Suplente<\/span><\/td>\n<td style=\"border: 1px solid #cecaca; text-align: justify;\"><span style=\"font-family: arial, helvetica, sans-serif; color: #000000;\"><strong style=\"font-family: arial, helvetica, sans-serif; text-align: justify;\">Mtro. Alejandro Medina Pi\u00f1a<\/strong><\/span><\/td>\n<\/tr>\n<tr style=\"border-color: #cecaca; border-width: 1px;\" align=\"center\">\n<td style=\"border: 1px solid #cecaca; text-align: justify;\"><span style=\"font-family: arial, helvetica, sans-serif; text-align: justify; color: #000000;\">Secretaria Ejecutiva<\/span><\/td>\n<td style=\"border: 1px solid #cecaca; text-align: justify;\"><span style=\"font-family: arial, helvetica, sans-serif; color: #000000;\"><strong style=\"font-family: arial, helvetica, sans-serif; text-align: justify;\">Lic. Carla Medina Chan<\/strong><\/span><\/td>\n<\/tr>\n<tr style=\"border-color: #cecaca; border-width: 1px;\" align=\"center\">\n<td style=\"border: 1px solid #cecaca; text-align: justify;\"><span style=\"font-family: arial, helvetica, sans-serif; text-align: justify; color: #000000;\">Secretar\u00eda Ejecutiva Suplente<\/span><\/td>\n<td style=\"border: 1px solid #cecaca; vertical-align: middle; text-align: justify;\"><span style=\"font-family: arial, helvetica, sans-serif; color: #000000;\"><strong style=\"font-family: arial, helvetica, sans-serif; text-align: justify;\">Lic. Roc\u00edo Mena Santos<\/strong><\/span><\/td>\n<\/tr>\n<tr style=\"border-color: #cecaca; border-width: 1px;\" align=\"center\">\n<td style=\"border: 1px solid #cecaca; text-align: justify;\"><span style=\"font-family: arial, helvetica, sans-serif; text-align: justify; color: #000000;\">Primer Vocal y Miembro Propietario Temporal del Comit\u00e9 de \u00c9tica y de Prevenci\u00f3n de Conflictos de Inter\u00e9s<\/span><\/td>\n<td style=\"border: 1px solid #cecaca; vertical-align: middle; text-align: justify;\"><span style=\"font-family: arial, helvetica, sans-serif; color: #000000;\"><strong style=\"font-family: arial, helvetica, sans-serif; text-align: justify;\">Mtra. Eslovenia Guti\u00e9rrez Valle<\/strong><\/span><\/p>\n<p><span style=\"color: #333333;\">Suplente: M.D.I Fernando Dominguez Salazar<\/span><\/td>\n<\/tr>\n<tr style=\"border-color: #cecaca; border-width: 1px;\" align=\"center\">\n<td style=\"border: 1px solid #cecaca; text-align: justify;\"><span style=\"font-family: arial, helvetica, sans-serif; text-align: justify; color: #000000;\">Enlace de Control Interno, Segundo Vocal y Miembro Propietario temporal del Comit\u00e9 de \u00c9tica y de Prevenci\u00f3n de Conflictos de Inter\u00e9s<\/span><\/td>\n<td style=\"border: 1px solid #cecaca; vertical-align: middle; text-align: justify;\"><span style=\"font-family: arial, helvetica, sans-serif; color: #000000;\"><strong style=\"font-family: arial, helvetica, sans-serif; text-align: justify;\">Mar\u00eda Jos\u00e9 Argaez Rodr\u00edguez<\/strong><\/span><\/p>\n<p><span style=\"color: #333333;\">Suplente: Cindy Gala S\u00e1nchez<\/span><\/td>\n<\/tr>\n<tr style=\"border-color: #cecaca; border-width: 1px;\" align=\"center\">\n<td style=\"border: 1px solid #cecaca; text-align: justify;\"><span style=\"font-family: arial, helvetica, sans-serif; text-align: justify; color: #000000;\">Tercer Vocal y Miembro Propietario Temporal del Comit\u00e9 de \u00c9tica y de Prevenci\u00f3n de Conflictos de Inter\u00e9s<\/span><\/td>\n<td style=\"border: 1px solid #cecaca; vertical-align: middle; text-align: justify;\"><span style=\"font-family: arial, helvetica, sans-serif; color: #000000;\"><strong style=\"font-family: arial, helvetica, sans-serif; text-align: justify;\">Mtro. Victor Valencia Canch\u00e9<\/strong><\/span><\/p>\n<p><span style=\"color: #333333;\">Suplente: Raquel Murgu\u00eda Rosales<\/span><\/td>\n<\/tr>\n<tr style=\"border-color: #cecaca; border-width: 1px;\" align=\"center\">\n<td style=\"border: 1px solid #cecaca; text-align: justify;\"><span style=\"font-family: arial, helvetica, sans-serif; text-align: justify; color: #000000;\">Cuarto Vocal Representante de los \u00d3rganos Administrativos Desconcentrados suplente<\/span><\/td>\n<td style=\"border: 1px solid #cecaca; vertical-align: middle; text-align: justify;\"><span style=\"font-family: arial, helvetica, sans-serif; color: #000000;\"><strong style=\"font-family: arial, helvetica, sans-serif; text-align: justify;\">Dr. Jos\u00e9 Manuel Alcocer Bern\u00e9s<\/strong><\/span><\/p>\n<p><span style=\"color: #333333;\">Suplente: Mtra. Katia Barrera Blanquet<\/span><\/td>\n<\/tr>\n<\/tbody>\n<\/table>\n<p>[\/et_pb_text][\/et_pb_column][\/et_pb_row][\/et_pb_section]<\/p>\n","protected":false},"excerpt":{"rendered":"<p>Integrantes del Comit\u00e9 de \u00c9tica Cargo \u00a0Nombre Presidente Lic. Pedro Arment\u00eda L\u00f3pez Presidente Suplente Mtro. Alejandro Medina Pi\u00f1a Secretaria Ejecutiva Lic. Carla Medina Chan Secretar\u00eda Ejecutiva Suplente Lic. Roc\u00edo Mena Santos Primer Vocal y Miembro Propietario Temporal del Comit\u00e9 de \u00c9tica y de Prevenci\u00f3n de Conflictos de Inter\u00e9s Mtra. Eslovenia Guti\u00e9rrez Valle Suplente: M.D.I Fernando [&hellip;]<\/p>\n","protected":false},"author":1,"featured_media":0,"parent":0,"menu_order":0,"comment_status":"closed","ping_status":"closed","template":"","meta":{"_acf_changed":false,"_et_pb_use_builder":"on","_et_pb_old_content":"","_et_gb_content_width":"","inline_featured_image":false,"footnotes":""},"class_list":["post-1497","page","type-page","status-publish","hentry"],"acf":[],"_links":{"self":[{"href":"https:\/\/artec.campeche.gob.mx\/index.php?rest_route=\/wp\/v2\/pages\/1497","targetHints":{"allow":["GET"]}}],"collection":[{"href":"https:\/\/artec.campeche.gob.mx\/index.php?rest_route=\/wp\/v2\/pages"}],"about":[{"href":"https:\/\/artec.campeche.gob.mx\/index.php?rest_route=\/wp\/v2\/types\/page"}],"author":[{"embeddable":true,"href":"https:\/\/artec.campeche.gob.mx\/index.php?rest_route=\/wp\/v2\/users\/1"}],"replies":[{"embeddable":true,"href":"https:\/\/artec.campeche.gob.mx\/index.php?rest_route=%2Fwp%2Fv2%2Fcomments&post=1497"}],"version-history":[{"count":3,"href":"https:\/\/artec.campeche.gob.mx\/index.php?rest_route=\/wp\/v2\/pages\/1497\/revisions"}],"predecessor-version":[{"id":1574,"href":"https:\/\/artec.campeche.gob.mx\/index.php?rest_route=\/wp\/v2\/pages\/1497\/revisions\/1574"}],"wp:attachment":[{"href":"https:\/\/artec.campeche.gob.mx\/index.php?rest_route=%2Fwp%2Fv2%2Fmedia&parent=1497"}],"curies":[{"name":"wp","href":"https:\/\/api.w.org\/{rel}","templated":true}]}}