{"id":1478,"date":"2024-05-24T12:41:36","date_gmt":"2024-05-24T18:41:36","guid":{"rendered":"https:\/\/artec.campeche.gob.mx\/?page_id=1478"},"modified":"2024-06-17T11:02:30","modified_gmt":"2024-06-17T17:02:30","slug":"marco-normativo-comite","status":"publish","type":"page","link":"https:\/\/artec.campeche.gob.mx\/?page_id=1478","title":{"rendered":"Marco Normativo Comit\u00e9"},"content":{"rendered":"<p>[et_pb_section fb_built=&#8221;1&#8243; _builder_version=&#8221;4.23.1&#8243; _module_preset=&#8221;default&#8221; custom_padding=&#8221;0px||0px||true|false&#8221; animation_style=&#8221;fade&#8221; global_colors_info=&#8221;{}&#8221;][et_pb_row _builder_version=&#8221;4.23.1&#8243; _module_preset=&#8221;default&#8221; global_colors_info=&#8221;{}&#8221;][et_pb_column type=&#8221;4_4&#8243; _builder_version=&#8221;4.23.1&#8243; _module_preset=&#8221;default&#8221; global_colors_info=&#8221;{}&#8221;][et_pb_text _builder_version=&#8221;4.23.1&#8243; _module_preset=&#8221;default&#8221; header_font=&#8221;|600|||||||&#8221; header_text_color=&#8221;#691C32&#8243; header_font_size=&#8221;35px&#8221; hover_enabled=&#8221;0&#8243; global_colors_info=&#8221;{}&#8221; sticky_enabled=&#8221;0&#8243;]<\/p>\n<h1 style=\"text-align: center;\">Marco Normativo<\/h1>\n<p>[\/et_pb_text][et_pb_divider _builder_version=&#8221;4.23.1&#8243; _module_preset=&#8221;default&#8221; global_colors_info=&#8221;{}&#8221;][\/et_pb_divider][\/et_pb_column][\/et_pb_row][\/et_pb_section][et_pb_section fb_built=&#8221;1&#8243; _builder_version=&#8221;4.23.1&#8243; _module_preset=&#8221;default&#8221; global_colors_info=&#8221;{}&#8221;][et_pb_row _builder_version=&#8221;4.23.1&#8243; _module_preset=&#8221;default&#8221; global_colors_info=&#8221;{}&#8221;][et_pb_column type=&#8221;4_4&#8243; _builder_version=&#8221;4.23.1&#8243; _module_preset=&#8221;default&#8221; global_colors_info=&#8221;{}&#8221;][et_pb_text _builder_version=&#8221;4.23.1&#8243; _module_preset=&#8221;default&#8221; text_text_color=&#8221;#53565A&#8221; text_font_size=&#8221;18px&#8221; global_colors_info=&#8221;{}&#8221;]<\/p>\n<p style=\"text-align: justify;\"><a href=\"https:\/\/artec.campeche.gob.mx\/wp-content\/uploads\/2024\/05\/1.-Acuerdo_Codigo_de_Etica.pdf\" target=\"_blank\" class=\"jcepopup noicon\" rel=\"noopener\"><span>\u00bb Acuerdo que tiene por objeto emitir el\u00a0 C\u00f3digo de \u00c9tica de los Servidores P\u00fablicos de las Dependencias y Entidades de la Administraci\u00f3n P\u00fablica del Estado de Campeche, las Reglas de Integridad para el Ejercicio de la Funci\u00f3n P\u00fablica y los\u00a0Lineamientos Generales para propiciar la integridad de los Servidores P\u00fablicos y para implementar acciones permanentes que favorezcan su comportamiento \u00e9tico, a trav\u00e9s de los Comit\u00e9s de \u00c9tica y de Prevenci\u00f3n de Conflictos de Inter\u00e9s.(Derogado).<\/span><\/a><\/p>\n<p style=\"text-align: justify;\"><a href=\"https:\/\/artec.campeche.gob.mx\/wp-content\/uploads\/2024\/05\/2.-Codigo_de_Etica.pdf\" target=\"_blank\" class=\"jcepopup noicon\" rel=\"noopener\"><span>\u00bb C\u00f3digo de \u00c9tica de los Servidores P\u00fablicos de las Dependencias y Entidades de la Administraci\u00f3n P\u00fablica del Estado de Campeche.\u00a0(Derogado).<\/span><\/a><\/p>\n<p style=\"text-align: justify;\"><a href=\"https:\/\/artec.campeche.gob.mx\/wp-content\/uploads\/2024\/05\/3.-Reglas_de_Integridad.pdf\" target=\"_blank\" class=\"jcepopup noicon\" rel=\"noopener\"><span>\u00bb Reglas de Integridad para el Ejercicio de la Funci\u00f3n P\u00fablica en el Estado de Campeche.(Derogado).<\/span><\/a><\/p>\n<p style=\"text-align: justify;\"><a href=\"https:\/\/artec.campeche.gob.mx\/wp-content\/uploads\/2024\/05\/4.-Lineamientos_Generales.pdf\" target=\"_blank\" class=\"jcepopup noicon\" rel=\"noopener\"><span>\u00bb Lineamientos Generales para propiciar la integridad de los Servidores P\u00fablicos y para implementar acciones permanentes que favorezcan su comportamiento \u00e9tico, a trav\u00e9s de los Comit\u00e9s de \u00c9tica y de Prevenci\u00f3n de Conflictos de Inter\u00e9s.\u00a0(Vigente).<\/span><\/a><\/p>\n<p style=\"text-align: justify;\"><a href=\"https:\/\/artec.campeche.gob.mx\/wp-content\/uploads\/2024\/05\/5.-Codigo-de-Conducta-SGG-POE.pdf\" target=\"_blank\" class=\"jcepopup noicon\" rel=\"noopener\"><span>\u00bb Codigo de Conducta de la SGG.\u00a0(Vigente).<\/span><\/a><\/p>\n<p style=\"text-align: justify;\"><a href=\"https:\/\/artec.campeche.gob.mx\/wp-content\/uploads\/2024\/05\/6.-Protocolo-Delacion-SGG-POE.pdf\" target=\"_blank\" class=\"jcepopup noicon\" rel=\"noopener\"><span>\u00bb Protocolo que establece el Procedimento de Delaci\u00f3n de la SGG.\u00a0(Vigente).<\/span><\/a><\/p>\n<p style=\"text-align: justify;\"><a href=\"https:\/\/artec.campeche.gob.mx\/wp-content\/uploads\/2024\/05\/7.-Guia-Evaluacion-Anual-CEPCI-_1_.pdf\" target=\"_blank\" class=\"jcepopup noicon\" rel=\"noopener\"><span>\u00bb Gu\u00eda para la Evaluaci\u00f3n de Cumplimiento y Desempe\u00f1o de los Comit\u00e9s de \u00c9tica y Prevenci\u00f3n de Conflicto de Inter\u00e9s de las Dependencias y Organismos del Poder Ejecutivo del Estado de Campeche.\u00a0(Vigente)<\/span><span>.<\/span><\/a><a href=\"https:\/\/artec.campeche.gob.mx\/wp-content\/uploads\/2024\/05\/8.-DIRECTRICES_CEPCI.pdf\" target=\"_self\" class=\"jcepopup noicon\" rel=\"noopener\"><span><br \/><\/span><\/a><\/p>\n<p style=\"text-align: justify;\"><a href=\"https:\/\/artec.campeche.gob.mx\/wp-content\/uploads\/2024\/05\/8.-DIRECTRICES_CEPCI.pdf\" target=\"_blank\" class=\"jcepopup noicon\" rel=\"noopener\"><span>\u00bb ACUERDO por el que se emite las Directrices para la Prevenci\u00f3n de Conflicto de Inter\u00e9s del Poder Ejecutivo de la Administraci\u00f3n P\u00fablica del Estado de Campeche.(Vigente).<\/span><\/a><\/p>\n<p style=\"text-align: justify;\"><a href=\"https:\/\/artec.campeche.gob.mx\/wp-content\/uploads\/2024\/05\/9.-Codigo_de_Etica_reformado_Enero_2019.pdf\" target=\"_blank\" class=\"jcepopup noicon\" rel=\"noopener\"><span>\u00bb\u00a0ACUERDO que tiene por objeto emitir el C\u00f3digo de \u00c9tica de los servidores p\u00fablicos de las Dependencias y Entidades de la Administraci\u00f3n P\u00fablica del Estado de Campeche. (Vigente).<\/span><\/a><\/p>\n<p style=\"text-align: justify;\"><a href=\"https:\/\/artec.campeche.gob.mx\/wp-content\/uploads\/2024\/05\/10.-LGRA_120419.pdf\" target=\"_blank\" class=\"jcepopup noicon\" rel=\"noopener\"><span>\u00bb\u00a0Ley General de Responsabilidades Administrativas.\u00a0(Vigente).<\/span><\/a><\/p>\n<p style=\"text-align: justify;\"><a href=\"https:\/\/artec.campeche.gob.mx\/wp-content\/uploads\/2024\/05\/11.-DOF_-_Lineamientos_RT_16_LGRA.pdf\" target=\"_blank\" class=\"jcepopup noicon\" rel=\"noopener\"><span>\u00bb\u00a0ACUERDO por el que se dan a conocer los Lineamientos para la emisi\u00f3n del C\u00f3digo de \u00c9tica a que se refiere el art\u00edculo 16 de la Ley General de Responsabilidades Administrativas.\u00a0(Vigente).<\/span><\/a><\/p>\n<p>[\/et_pb_text][\/et_pb_column][\/et_pb_row][\/et_pb_section]<\/p>\n","protected":false},"excerpt":{"rendered":"<p>Marco Normativo\u00bb Acuerdo que tiene por objeto emitir el\u00a0 C\u00f3digo de \u00c9tica de los Servidores P\u00fablicos de las Dependencias y Entidades de la Administraci\u00f3n P\u00fablica del Estado de Campeche, las Reglas de Integridad para el Ejercicio de la Funci\u00f3n P\u00fablica y los\u00a0Lineamientos Generales para propiciar la integridad de los Servidores P\u00fablicos y para implementar acciones [&hellip;]<\/p>\n","protected":false},"author":1,"featured_media":0,"parent":0,"menu_order":0,"comment_status":"closed","ping_status":"closed","template":"","meta":{"_acf_changed":false,"_et_pb_use_builder":"on","_et_pb_old_content":"","_et_gb_content_width":"","inline_featured_image":false,"footnotes":""},"class_list":["post-1478","page","type-page","status-publish","hentry"],"acf":[],"_links":{"self":[{"href":"https:\/\/artec.campeche.gob.mx\/index.php?rest_route=\/wp\/v2\/pages\/1478","targetHints":{"allow":["GET"]}}],"collection":[{"href":"https:\/\/artec.campeche.gob.mx\/index.php?rest_route=\/wp\/v2\/pages"}],"about":[{"href":"https:\/\/artec.campeche.gob.mx\/index.php?rest_route=\/wp\/v2\/types\/page"}],"author":[{"embeddable":true,"href":"https:\/\/artec.campeche.gob.mx\/index.php?rest_route=\/wp\/v2\/users\/1"}],"replies":[{"embeddable":true,"href":"https:\/\/artec.campeche.gob.mx\/index.php?rest_route=%2Fwp%2Fv2%2Fcomments&post=1478"}],"version-history":[{"count":4,"href":"https:\/\/artec.campeche.gob.mx\/index.php?rest_route=\/wp\/v2\/pages\/1478\/revisions"}],"predecessor-version":[{"id":1576,"href":"https:\/\/artec.campeche.gob.mx\/index.php?rest_route=\/wp\/v2\/pages\/1478\/revisions\/1576"}],"wp:attachment":[{"href":"https:\/\/artec.campeche.gob.mx\/index.php?rest_route=%2Fwp%2Fv2%2Fmedia&parent=1478"}],"curies":[{"name":"wp","href":"https:\/\/api.w.org\/{rel}","templated":true}]}}