{"id":1470,"date":"2024-05-24T12:20:50","date_gmt":"2024-05-24T18:20:50","guid":{"rendered":"https:\/\/artec.campeche.gob.mx\/?page_id=1470"},"modified":"2024-06-17T11:00:16","modified_gmt":"2024-06-17T17:00:16","slug":"comite-de-etica-sgg","status":"publish","type":"page","link":"https:\/\/artec.campeche.gob.mx\/?page_id=1470","title":{"rendered":"Comit\u00e9 de \u00c9tica SGG"},"content":{"rendered":"<p>[et_pb_section fb_built=&#8221;1&#8243; _builder_version=&#8221;4.23.1&#8243; _module_preset=&#8221;default&#8221; custom_padding=&#8221;0px||0px||true|false&#8221; animation_style=&#8221;fade&#8221; global_colors_info=&#8221;{}&#8221;][et_pb_row _builder_version=&#8221;4.23.1&#8243; _module_preset=&#8221;default&#8221; global_colors_info=&#8221;{}&#8221;][et_pb_column type=&#8221;4_4&#8243; _builder_version=&#8221;4.23.1&#8243; _module_preset=&#8221;default&#8221; global_colors_info=&#8221;{}&#8221;][et_pb_text _builder_version=&#8221;4.23.1&#8243; _module_preset=&#8221;default&#8221; header_font=&#8221;|600|||||||&#8221; header_text_color=&#8221;#691C32&#8243; header_font_size=&#8221;35px&#8221; hover_enabled=&#8221;0&#8243; global_colors_info=&#8221;{}&#8221; sticky_enabled=&#8221;0&#8243;]<\/p>\n<h1 style=\"text-align: center;\">Comit\u00e9 de \u00c9tica SSG<\/h1>\n<p>[\/et_pb_text][et_pb_divider _builder_version=&#8221;4.23.1&#8243; _module_preset=&#8221;default&#8221; global_colors_info=&#8221;{}&#8221;][\/et_pb_divider][\/et_pb_column][\/et_pb_row][\/et_pb_section][et_pb_section fb_built=&#8221;1&#8243; _builder_version=&#8221;4.23.1&#8243; _module_preset=&#8221;default&#8221; global_colors_info=&#8221;{}&#8221;][et_pb_row _builder_version=&#8221;4.23.1&#8243; _module_preset=&#8221;default&#8221; global_colors_info=&#8221;{}&#8221;][et_pb_column type=&#8221;4_4&#8243; _builder_version=&#8221;4.23.1&#8243; _module_preset=&#8221;default&#8221; global_colors_info=&#8221;{}&#8221;][et_pb_text _builder_version=&#8221;4.23.1&#8243; _module_preset=&#8221;default&#8221; text_text_color=&#8221;#53565A&#8221; text_font_size=&#8221;18px&#8221; global_colors_info=&#8221;{}&#8221;]<\/p>\n<p style=\"text-align: justify;\"><span>Un buen gobierno implica tambi\u00e9n contar con servidores p\u00fablicos con una s\u00f3lida cultura \u00e9tica y de servicio a la sociedad que est\u00e9n absolutamente convencidos de la dignidad e importancia de las actividades que le son encomendadas; es por ello la necesidad de impulsar el compromiso de formar servidores p\u00fablicos con principios y valores \u00e9ticos en su desempe\u00f1o cotidiano y en la vida diaria.<\/span><\/p>\n<p style=\"text-align: justify;\"><span>La Secretar\u00eda General de Gobierno, a trav\u00e9s del Comit\u00e9 de \u00c9tica y de Prevenci\u00f3n de Conflictos de Inter\u00e9s aprob\u00f3 el C\u00f3digo de Conducta para propiciar la integridad de los servidores p\u00fablicos, as\u00ed como salvaguardar los principios constitucionales de\u00a0<strong>Disciplina, Objetividad, Profesionalismo, Integridad, Rendici\u00f3n de Cuentas y Eficacia<\/strong>; implementando las acciones permanentes que favorezcan su comportamiento \u00e9tico, que contengan reglas claras de integridad para que en la actuaci\u00f3n de los servidores p\u00fablicos, impere invariablemente una conducta digna que corresponda a las necesidades de la sociedad, con lo cual se pretende propiciar una plena vocaci\u00f3n de servicio p\u00fablico en beneficio de la colectividad.<\/span><\/p>\n<p style=\"text-align: justify;\"><span>El C\u00f3digo de Conducta, se encuentra dise\u00f1ado como un documento capaz de contribuir a la difusi\u00f3n y capacitaci\u00f3n en los valores, principios y compromisos \u00e9ticos que deben imperar en la gesti\u00f3n de la Secretar\u00eda General de Gobierno y sus \u00f3rganos administrativos desconcentrados: Archivo General del Estado de Campeche (AGE), Consejo Estatal de Seguridad P\u00fablica del Estado de Campeche (CESP), Consejo Estatal de Poblaci\u00f3n de Campeche (COESPO), Instituto Estatal del Transporte del Estado de Campeche (IET), Secretar\u00eda Ejecutiva del Sistema Estatal de Protecci\u00f3n Integral de los Derechos de Ni\u00f1as, Ni\u00f1os y Adolescentes (SIPINNA); el cual dotar\u00e1 de certeza plena a sus servidoras y servidores p\u00fablicos sobre el comportamiento \u00e9tico al que deben sujetarse en su quehacer cotidiano, mismo que deber\u00e1 ser adoptado \u00edntegramente para constituirse en una forma de trabajo y un estilo de vida, con el prop\u00f3sito de continuar trabajando en favor de la gobernabilidad del Estado y sus instituciones.<\/span><\/p>\n<p>[\/et_pb_text][\/et_pb_column][\/et_pb_row][\/et_pb_section]<\/p>\n","protected":false},"excerpt":{"rendered":"<p>Comit\u00e9 de \u00c9tica SSGUn buen gobierno implica tambi\u00e9n contar con servidores p\u00fablicos con una s\u00f3lida cultura \u00e9tica y de servicio a la sociedad que est\u00e9n absolutamente convencidos de la dignidad e importancia de las actividades que le son encomendadas; es por ello la necesidad de impulsar el compromiso de formar servidores p\u00fablicos con principios y [&hellip;]<\/p>\n","protected":false},"author":1,"featured_media":0,"parent":0,"menu_order":0,"comment_status":"closed","ping_status":"closed","template":"","meta":{"_acf_changed":false,"_et_pb_use_builder":"on","_et_pb_old_content":"","_et_gb_content_width":"","inline_featured_image":false,"footnotes":""},"class_list":["post-1470","page","type-page","status-publish","hentry"],"acf":[],"_links":{"self":[{"href":"https:\/\/artec.campeche.gob.mx\/index.php?rest_route=\/wp\/v2\/pages\/1470","targetHints":{"allow":["GET"]}}],"collection":[{"href":"https:\/\/artec.campeche.gob.mx\/index.php?rest_route=\/wp\/v2\/pages"}],"about":[{"href":"https:\/\/artec.campeche.gob.mx\/index.php?rest_route=\/wp\/v2\/types\/page"}],"author":[{"embeddable":true,"href":"https:\/\/artec.campeche.gob.mx\/index.php?rest_route=\/wp\/v2\/users\/1"}],"replies":[{"embeddable":true,"href":"https:\/\/artec.campeche.gob.mx\/index.php?rest_route=%2Fwp%2Fv2%2Fcomments&post=1470"}],"version-history":[{"count":3,"href":"https:\/\/artec.campeche.gob.mx\/index.php?rest_route=\/wp\/v2\/pages\/1470\/revisions"}],"predecessor-version":[{"id":1572,"href":"https:\/\/artec.campeche.gob.mx\/index.php?rest_route=\/wp\/v2\/pages\/1470\/revisions\/1572"}],"wp:attachment":[{"href":"https:\/\/artec.campeche.gob.mx\/index.php?rest_route=%2Fwp%2Fv2%2Fmedia&parent=1470"}],"curies":[{"name":"wp","href":"https:\/\/api.w.org\/{rel}","templated":true}]}}