{"id":1430,"date":"2024-05-09T10:51:00","date_gmt":"2024-05-09T16:51:00","guid":{"rendered":"https:\/\/artec.campeche.gob.mx\/?page_id=1430"},"modified":"2025-06-11T11:21:18","modified_gmt":"2025-06-11T17:21:18","slug":"directorio","status":"publish","type":"page","link":"https:\/\/artec.campeche.gob.mx\/?page_id=1430","title":{"rendered":"Directorio"},"content":{"rendered":"<p>[et_pb_section fb_built=&#8221;1&#8243; theme_builder_area=&#8221;post_content&#8221; _builder_version=&#8221;4.27.4&#8243; _module_preset=&#8221;default&#8221;][et_pb_row _builder_version=&#8221;4.27.4&#8243; _module_preset=&#8221;default&#8221; theme_builder_area=&#8221;post_content&#8221;][et_pb_column _builder_version=&#8221;4.27.4&#8243; _module_preset=&#8221;default&#8221; type=&#8221;4_4&#8243; theme_builder_area=&#8221;post_content&#8221;][et_pb_text _builder_version=&#8221;4.27.4&#8243; _module_preset=&#8221;default&#8221; theme_builder_area=&#8221;post_content&#8221; text_text_color=&#8221;#000000&#8243; hover_enabled=&#8221;0&#8243; sticky_enabled=&#8221;0&#8243;]<\/p>\n<p>DIRECCI\u00d3N GENERAL<br \/>Lic. Jorge Luis L\u00f3pez Gamboa<br \/>Lic. Alma Sagrario Matos Mat\u00fa<\/p>\n<p>SUBDIRECCI\u00d3N DE PLANEACI\u00d3N<br \/>Lic. Emma Lizbeth Rodr\u00edguez Vargas<\/p>\n<p>SUBDIRECCI\u00d3N JUR\u00cdDICA<br \/>Lic. Eddy Enrique Cu Gonz\u00e1lez<br \/>Lic. Edmundo Mart\u00ednez Tejada<br \/>Lic. V\u00edctor Enrique S\u00e1nchez Moguel<\/p>\n<p>SUBDIRECCI\u00d3N DE REGISTRO P\u00daBLICO<br \/>Lic. H\u00e9ctor Palacios Tello<br \/>Lic. Patricia Zavala Herrera<br \/>C. Edgar Humberto Yanes Flores<\/p>\n<p>SUBDIRECCI\u00d3N DE CERTIFICACI\u00d3N<br \/>C. Guadalupe del Socorro Velueta Guzm\u00e1n<\/p>\n<p>SUBDIRECCI\u00d3N DE INSPECCI\u00d3N<br \/>C. Nelson Carvajal S\u00e1nchez<br \/>C. Fernando Maldonado Le\u00f3n<br \/>C. Alejandro Mel\u00e9ndez Rivera<br \/>C. Manuel Jes\u00fas Gonz\u00e1lez Hern\u00e1ndez<\/p>\n<p>SUBDIRECCI\u00d3N DE ADMINISTRACI\u00d3N<br \/>Lic. Karla Teresa Bonilla Linares<br \/>Cp. Francisco Jes\u00fas Rodr\u00edguez Quijano<br \/>Lic. Janis Kim Sosa Guti\u00e9rrez<br \/>Lic. Mariana Saravia G\u00f3mez<br \/>C. \u00c1ngel Audomaro Carvajal Vivas<br \/>C. Guadalupe Del Rosario Brice\u00f1o Pech<\/p>\n<p>[\/et_pb_text][\/et_pb_column][\/et_pb_row][\/et_pb_section]<\/p>\n","protected":false},"excerpt":{"rendered":"<p>DIRECCI\u00d3N GENERALLic. Jorge Luis L\u00f3pez GamboaLic. Alma Sagrario Matos Mat\u00fa SUBDIRECCI\u00d3N DE PLANEACI\u00d3NLic. Emma Lizbeth Rodr\u00edguez Vargas SUBDIRECCI\u00d3N JUR\u00cdDICALic. Eddy Enrique Cu Gonz\u00e1lezLic. Edmundo Mart\u00ednez TejadaLic. V\u00edctor Enrique S\u00e1nchez Moguel SUBDIRECCI\u00d3N DE REGISTRO P\u00daBLICOLic. H\u00e9ctor Palacios TelloLic. Patricia Zavala HerreraC. Edgar Humberto Yanes Flores SUBDIRECCI\u00d3N DE CERTIFICACI\u00d3NC. Guadalupe del Socorro Velueta Guzm\u00e1n SUBDIRECCI\u00d3N DE INSPECCI\u00d3NC. [&hellip;]<\/p>\n","protected":false},"author":1,"featured_media":3357,"parent":0,"menu_order":0,"comment_status":"closed","ping_status":"closed","template":"","meta":{"_acf_changed":false,"_et_pb_use_builder":"on","_et_pb_old_content":"","_et_gb_content_width":"","inline_featured_image":false,"footnotes":""},"class_list":["post-1430","page","type-page","status-publish","has-post-thumbnail","hentry"],"acf":[],"_links":{"self":[{"href":"https:\/\/artec.campeche.gob.mx\/index.php?rest_route=\/wp\/v2\/pages\/1430","targetHints":{"allow":["GET"]}}],"collection":[{"href":"https:\/\/artec.campeche.gob.mx\/index.php?rest_route=\/wp\/v2\/pages"}],"about":[{"href":"https:\/\/artec.campeche.gob.mx\/index.php?rest_route=\/wp\/v2\/types\/page"}],"author":[{"embeddable":true,"href":"https:\/\/artec.campeche.gob.mx\/index.php?rest_route=\/wp\/v2\/users\/1"}],"replies":[{"embeddable":true,"href":"https:\/\/artec.campeche.gob.mx\/index.php?rest_route=%2Fwp%2Fv2%2Fcomments&post=1430"}],"version-history":[{"count":7,"href":"https:\/\/artec.campeche.gob.mx\/index.php?rest_route=\/wp\/v2\/pages\/1430\/revisions"}],"predecessor-version":[{"id":3410,"href":"https:\/\/artec.campeche.gob.mx\/index.php?rest_route=\/wp\/v2\/pages\/1430\/revisions\/3410"}],"wp:featuredmedia":[{"embeddable":true,"href":"https:\/\/artec.campeche.gob.mx\/index.php?rest_route=\/wp\/v2\/media\/3357"}],"wp:attachment":[{"href":"https:\/\/artec.campeche.gob.mx\/index.php?rest_route=%2Fwp%2Fv2%2Fmedia&parent=1430"}],"curies":[{"name":"wp","href":"https:\/\/api.w.org\/{rel}","templated":true}]}}