{"id":1376,"date":"2024-05-09T10:26:55","date_gmt":"2024-05-09T16:26:55","guid":{"rendered":"https:\/\/artec.campeche.gob.mx\/?page_id=1376"},"modified":"2024-06-17T10:57:34","modified_gmt":"2024-06-17T16:57:34","slug":"antecedentes-historicos","status":"publish","type":"page","link":"https:\/\/artec.campeche.gob.mx\/?page_id=1376","title":{"rendered":"Antecedentes Hist\u00f3ricos"},"content":{"rendered":"<p>[et_pb_section fb_built=&#8221;1&#8243; _builder_version=&#8221;4.23.1&#8243; _module_preset=&#8221;default&#8221; custom_padding=&#8221;0px||0px||true|false&#8221; animation_style=&#8221;fade&#8221; global_colors_info=&#8221;{}&#8221;][et_pb_row _builder_version=&#8221;4.23.1&#8243; _module_preset=&#8221;default&#8221; global_colors_info=&#8221;{}&#8221;][et_pb_column type=&#8221;4_4&#8243; _builder_version=&#8221;4.23.1&#8243; _module_preset=&#8221;default&#8221; global_colors_info=&#8221;{}&#8221;][et_pb_text _builder_version=&#8221;4.23.1&#8243; _module_preset=&#8221;default&#8221; header_font=&#8221;|600|||||||&#8221; header_text_color=&#8221;#691C32&#8243; header_font_size=&#8221;35px&#8221; hover_enabled=&#8221;0&#8243; global_colors_info=&#8221;{}&#8221; sticky_enabled=&#8221;0&#8243;]<\/p>\n<h1 style=\"text-align: center;\">Antecedentes Hist\u00f3ricos<\/h1>\n<p>[\/et_pb_text][et_pb_divider _builder_version=&#8221;4.23.1&#8243; _module_preset=&#8221;default&#8221; global_colors_info=&#8221;{}&#8221;][\/et_pb_divider][\/et_pb_column][\/et_pb_row][\/et_pb_section][et_pb_section fb_built=&#8221;1&#8243; _builder_version=&#8221;4.23.1&#8243; _module_preset=&#8221;default&#8221; custom_padding=&#8221;0px||||false|false&#8221; global_colors_info=&#8221;{}&#8221;][et_pb_row _builder_version=&#8221;4.23.1&#8243; _module_preset=&#8221;default&#8221; global_colors_info=&#8221;{}&#8221;][et_pb_column type=&#8221;4_4&#8243; _builder_version=&#8221;4.23.1&#8243; _module_preset=&#8221;default&#8221; global_colors_info=&#8221;{}&#8221;][et_pb_text _builder_version=&#8221;4.23.1&#8243; _module_preset=&#8221;default&#8221; text_text_color=&#8221;#53565A&#8221; text_font_size=&#8221;18px&#8221; global_colors_info=&#8221;{}&#8221;]<\/p>\n<p style=\"text-align: justify;\"><span>El 7 de julio de 1999 se publica en el Peri\u00f3dico Oficial del Estado, el Acuerdo del Ejecutivo No. 1926, en el que se crea la Direcci\u00f3n de Autotransporte adscrita a la Secretar\u00eda de Gobierno del Estado de Campeche, como \u00e1rea responsable de los asuntos relacionados con el servicio de transporte.<\/span><\/p>\n<p>[\/et_pb_text][et_pb_text _builder_version=&#8221;4.23.1&#8243; _module_preset=&#8221;default&#8221; text_text_color=&#8221;#53565A&#8221; text_font_size=&#8221;18px&#8221; global_colors_info=&#8221;{}&#8221;]<\/p>\n<p style=\"text-align: justify;\"><span>En cumplimiento de lo dispuesto por los Art\u00edculos 48, 49 y 71 fracci\u00f3n XVIII de la Constituci\u00f3n Pol\u00edtica del Estado de Campeche, la LIX Legislatura del Congreso del Estado de Campeche mediante el Decreto No. 160 publicado en el Peri\u00f3dico Oficial del Estado No. 4055 del 9 de junio del 2008, se aprueba la Ley de Transporte del Estado de Campeche, quedando abrogada la fracci\u00f3n XV del Art\u00edculo 2 y el Art\u00edculo 21 del Reglamento Interior de la Secretar\u00eda de Gobierno de la Administraci\u00f3n P\u00fablica Estatal, ya que mediante la publicaci\u00f3n de esta Ley, se crean el Instituto Estatal del Transporte, el Consejo Estatal del Transporte y los Comit\u00e9s Consultivos Municipales de Transporte en cada Municipio, quedando suprimida la Direcci\u00f3n del Autotransporte y derogando todas las disposiciones reglamentarias y administrativas expedidas por el Ejecutivo del Estado.<\/span><\/p>\n<p>[\/et_pb_text][et_pb_text _builder_version=&#8221;4.23.1&#8243; _module_preset=&#8221;default&#8221; text_text_color=&#8221;#53565A&#8221; text_font_size=&#8221;18px&#8221; global_colors_info=&#8221;{}&#8221;]<\/p>\n<div id=\"rt-main\" class=\"mb12\">\n<div class=\"rt-flex-container\">\n<div class=\"rt-mainbody-wrapper rt-grid-12 \">\n<div class=\"rt-component-block rt-block\">\n<div id=\"rt-mainbody\">\n<div class=\"component-content\">\n<article class=\"item-page\" itemscope=\"\" itemtype=\"http:\/\/schema.org\/Article\">\n<div itemprop=\"articleBody\">\n<p style=\"text-align: justify;\"><span>El 15 de septiembre del 2008, se expide el Reglamento de la Ley de Transporte del Estado de Campeche y del Instituto Estatal del Transporte, quedando instalado oficialmente el Instituto Estatal de Transporte.<\/span><\/p>\n<\/div>\n<\/article>\n<\/div>\n<\/div>\n<\/div>\n<\/div>\n<div class=\"clear\"><\/div>\n<\/div>\n<\/div>\n<div id=\"rt-extension\">\n<div class=\"rt-flex-container\">\n<div class=\"rt-grid-3 rt-prefix-4 rt-alpha\">\n<div class=\"rt-block \">\n<div class=\"module-surround\">\n<div class=\"module-content\">\n<div class=\"custom\"><\/div>\n<\/div>\n<\/div>\n<\/div>\n<\/div>\n<\/div>\n<\/div>\n<p>[\/et_pb_text][\/et_pb_column][\/et_pb_row][\/et_pb_section]<\/p>\n","protected":false},"excerpt":{"rendered":"<p>Antecedentes Hist\u00f3ricosEl 7 de julio de 1999 se publica en el Peri\u00f3dico Oficial del Estado, el Acuerdo del Ejecutivo No. 1926, en el que se crea la Direcci\u00f3n de Autotransporte adscrita a la Secretar\u00eda de Gobierno del Estado de Campeche, como \u00e1rea responsable de los asuntos relacionados con el servicio de transporte.En cumplimiento de lo [&hellip;]<\/p>\n","protected":false},"author":1,"featured_media":0,"parent":0,"menu_order":0,"comment_status":"closed","ping_status":"closed","template":"","meta":{"_acf_changed":false,"_et_pb_use_builder":"on","_et_pb_old_content":"","_et_gb_content_width":"","inline_featured_image":false,"footnotes":""},"class_list":["post-1376","page","type-page","status-publish","hentry"],"acf":[],"_links":{"self":[{"href":"https:\/\/artec.campeche.gob.mx\/index.php?rest_route=\/wp\/v2\/pages\/1376","targetHints":{"allow":["GET"]}}],"collection":[{"href":"https:\/\/artec.campeche.gob.mx\/index.php?rest_route=\/wp\/v2\/pages"}],"about":[{"href":"https:\/\/artec.campeche.gob.mx\/index.php?rest_route=\/wp\/v2\/types\/page"}],"author":[{"embeddable":true,"href":"https:\/\/artec.campeche.gob.mx\/index.php?rest_route=\/wp\/v2\/users\/1"}],"replies":[{"embeddable":true,"href":"https:\/\/artec.campeche.gob.mx\/index.php?rest_route=%2Fwp%2Fv2%2Fcomments&post=1376"}],"version-history":[{"count":3,"href":"https:\/\/artec.campeche.gob.mx\/index.php?rest_route=\/wp\/v2\/pages\/1376\/revisions"}],"predecessor-version":[{"id":1569,"href":"https:\/\/artec.campeche.gob.mx\/index.php?rest_route=\/wp\/v2\/pages\/1376\/revisions\/1569"}],"wp:attachment":[{"href":"https:\/\/artec.campeche.gob.mx\/index.php?rest_route=%2Fwp%2Fv2%2Fmedia&parent=1376"}],"curies":[{"name":"wp","href":"https:\/\/api.w.org\/{rel}","templated":true}]}}